{"id":7835,"date":"2016-04-04T12:38:07","date_gmt":"2016-04-04T11:38:07","guid":{"rendered":"https:\/\/icynene.silver-solutions.com.ua\/password-recovery-2\/"},"modified":"2020-11-20T15:48:17","modified_gmt":"2020-11-20T14:48:17","slug":"password-recovery","status":"publish","type":"page","link":"https:\/\/architectslibrary.eu\/cs\/password-recovery\/","title":{"rendered":"Password Recovery"},"content":{"rendered":"<div class=\"pdfprnt-top-right\"><a href=\"https:\/\/architectslibrary.eu\/cs\/password-recovery\/?print=pdf\" target=\"_blank\"><img decoding=\"async\" src=\"https:\/\/architectslibrary.eu\/wp-content\/plugins\/pdf-print\/images\/pdf.png\" alt=\"image_pdf\" title=\"View PDF\" \/><\/a><\/div>\n<div class=\"wpum-template wpum-form wpum-password-recovery-form\">\n\n\t\n\t<p>\n\t\tLost your password? Please enter your username or email address. You will receive a link to create a new password via email.\t<\/p>\n\n\t<form action=\"\/cs\/wp-json\/wp\/v2\/pages\/7835\" method=\"post\" id=\"wpum-submit-password-recovery-form\" enctype=\"multipart\/form-data\">\n\n\t\t\t\t\t<fieldset class=\"fieldset-username_email\">\n\n\t\t\t\t\n\t\t\t\t\t<label for=\"username_email\">\n\t\t\t\t\t\tU\u017eivatelsk\u00e9 jm\u00e9no nebo e-mail\t\t\t\t\t\t\t\t\t\t\t\t\t<span class=\"wpum-required\">*<\/span>\n\t\t\t\t\t\t\t\t\t\t\t<\/label>\n\t\t\t\t\t<div class=\"field required-field\">\n\t\t\t\t\t\t\n<input\n\ttype=\"text\"\n\tclass=\"input-text\"\n\tname=\"username_email\"\n\t\tid=\"username_email\"\n\tplaceholder=\"\"\n\tvalue=\"\"\n\tmaxlength=\"\"\n\trequired\t\t\/>\n\t\t\t\t\t<\/div>\n\n\t\t\t\t\n\t\t\t<\/fieldset>\n\t\t\n\t\t<input type=\"hidden\" name=\"wpum_form\" value=\"password-recovery\" \/>\n\t\t<input type=\"hidden\" name=\"step\" value=\"0\" \/>\n\t\t<input type=\"hidden\" id=\"password_recovery_nonce\" name=\"password_recovery_nonce\" value=\"54b8d88c2f\" \/><input type=\"hidden\" name=\"_wp_http_referer\" value=\"\/cs\/wp-json\/wp\/v2\/pages\/7835\" \/>\n\t\t\n\t\t<input type=\"submit\" name=\"submit_password_recovery\" class=\"button\" value=\"Reset password\" \/>\n\n\t<\/form>\n\n<\/div>\n\n<ul class=\"wpum-action-links\">\n\t\t<li>\n\t\tAlready have an account? <a href=\"https:\/\/architectslibrary.eu\/log-in\/\">Sign In &raquo;<\/a>\t<\/li>\n\t\t\t<li>\n\t\tDon't have an account? <a href=\"https:\/\/architectslibrary.eu\/register\/\">Signup Now &raquo;<\/a>\t<\/li>\n\t\t<\/ul>\n\n","protected":false},"excerpt":{"rendered":"","protected":false},"author":1,"featured_media":0,"parent":0,"menu_order":0,"comment_status":"closed","ping_status":"closed","template":"","meta":{"_acf_changed":false,"footnotes":""},"class_list":["post-7835","page","type-page","status-publish","hentry"],"acf":[],"_links":{"self":[{"href":"https:\/\/architectslibrary.eu\/cs\/wp-json\/wp\/v2\/pages\/7835","targetHints":{"allow":["GET"]}}],"collection":[{"href":"https:\/\/architectslibrary.eu\/cs\/wp-json\/wp\/v2\/pages"}],"about":[{"href":"https:\/\/architectslibrary.eu\/cs\/wp-json\/wp\/v2\/types\/page"}],"author":[{"embeddable":true,"href":"https:\/\/architectslibrary.eu\/cs\/wp-json\/wp\/v2\/users\/1"}],"replies":[{"embeddable":true,"href":"https:\/\/architectslibrary.eu\/cs\/wp-json\/wp\/v2\/comments?post=7835"}],"version-history":[{"count":0,"href":"https:\/\/architectslibrary.eu\/cs\/wp-json\/wp\/v2\/pages\/7835\/revisions"}],"wp:attachment":[{"href":"https:\/\/architectslibrary.eu\/cs\/wp-json\/wp\/v2\/media?parent=7835"}],"curies":[{"name":"wp","href":"https:\/\/api.w.org\/{rel}","templated":true}]}}