{"id":7845,"date":"2016-05-04T08:17:54","date_gmt":"2016-05-04T07:17:54","guid":{"rendered":"https:\/\/icynene.silver-solutions.com.ua\/tvrda-pena-smartisol-300-2\/"},"modified":"2016-05-04T08:17:54","modified_gmt":"2016-05-04T07:17:54","slug":"tvrda-pena-smartisol-300","status":"publish","type":"page","link":"https:\/\/architectslibrary.eu\/cs\/tvrda-pena-smartisol-300\/","title":{"rendered":"Rigid foam Smartisol 300"},"content":{"rendered":"<div class=\"pdfprnt-top-right\"><a href=\"https:\/\/architectslibrary.eu\/cs\/tvrda-pena-smartisol-300\/?print=pdf\" target=\"_blank\"><img decoding=\"async\" src=\"https:\/\/architectslibrary.eu\/wp-content\/plugins\/pdf-print\/images\/pdf.png\" alt=\"image_pdf\" title=\"View PDF\" \/><\/a><\/div><h1 style=\"text-align: center; color: #005ca7; font-size: 44px; margin-bottom: 30px;\">Tvrd\u00e1 p\u011bna SMARTISOL 300<\/h1>\n<h2>CE<\/h2>\n<hr \/>\n<p><i class=\"fa fa-file-pdf-o\"><\/i><a href=\"https:\/\/architectslibrary.eu\/wp-content\/uploads\/2016\/05\/CE-Smartizol-300.pdf\" rel=\"\">CE &#8211; Smartizol 300<\/a><\/p>\n<h2>Hygiena<\/h2>\n<hr \/>\n<p><i class=\"fa fa-file-pdf-o\"><\/i><a href=\"https:\/\/architectslibrary.eu\/wp-content\/uploads\/2016\/05\/Certifik\u00e1t-protokol-2.pdf\" rel=\"\">Certifik\u00e1t &#8211; protokol<\/a><\/p>\n<p><i class=\"fa fa-file-pdf-o\"><\/i><a href=\"https:\/\/architectslibrary.eu\/wp-content\/uploads\/2016\/05\/Certifik\u00e1t-2.pdf\" rel=\"\">Certifik\u00e1t<\/a><\/p>\n<h2>Nas\u00e1kavost<\/h2>\n<hr \/>\n<p><i class=\"fa fa-file-pdf-o\"><\/i><a href=\"https:\/\/architectslibrary.eu\/wp-content\/uploads\/2016\/05\/Nqs\u00e1kavost-zpr\u00e1va-o-zkou\u0161ce.pdf\" rel=\"\">Nqs\u00e1kavost &#8211; zpr\u00e1va o zkou\u0161ce<\/a><\/p>\n<h2>Pevnost v tlaku<\/h2>\n<hr \/>\n<p><i class=\"fa fa-file-pdf-o\"><\/i><a href=\"https:\/\/architectslibrary.eu\/wp-content\/uploads\/2016\/05\/Pevnost-v-tlaku-protokol-o-zkou\u0161ce.pdf\" rel=\"\">Pevnost v tlaku &#8211; protokol o zkou\u0161ce<\/a><\/p>\n<h2>Prohl\u00e1\u0161en\u00ed o vlastnostech<\/h2>\n<hr \/>\n<p><i class=\"fa fa-file-pdf-o\"><\/i><a href=\"https:\/\/architectslibrary.eu\/wp-content\/uploads\/2016\/05\/Prohl\u00e1\u0161en\u00ed-o-vlastnostech-Smartisol-S300.pdf\" rel=\"\">Prohl\u00e1\u0161en\u00ed o vlastnostech Smartisol S300<\/a><\/p>\n<h2>Propustnost vodn\u00edch par<\/h2>\n<hr \/>\n<p><i class=\"fa fa-file-pdf-o\"><\/i><a href=\"https:\/\/architectslibrary.eu\/wp-content\/uploads\/2016\/05\/Propustnost-vodn\u00edch-par-protokol-o-zkou\u0161ce.pdf\" rel=\"\">Propustnost vodn\u00edch par &#8211; protokol o zkou\u0161ce<\/a><\/p>\n<h2>Sou\u010dinitel tepeln\u00e9 vodivosti<\/h2>\n<hr \/>\n<p><i class=\"fa fa-file-pdf-o\"><\/i><a href=\"https:\/\/architectslibrary.eu\/wp-content\/uploads\/2016\/05\/Sou\u010dinitel-tepeln\u00e9-vodivosti-m\u011b\u0159\u00edc\u00ed-z\u00e1znam-o-zkou\u0161ce.pdf\" rel=\"\">Sou\u010dinitel tepeln\u00e9 vodivosti &#8211; m\u011b\u0159\u00edc\u00ed z\u00e1znam o zkou\u0161ce<\/a><\/p>\n","protected":false},"excerpt":{"rendered":"<p>Tvrd\u00e1 p\u011bna SMARTISOL 300 CE CE &#8211; Smartizol 300 Hygiena [&hellip;]<\/p>\n","protected":false},"author":1,"featured_media":0,"parent":0,"menu_order":0,"comment_status":"closed","ping_status":"closed","template":"","meta":{"_acf_changed":false,"footnotes":""},"class_list":["post-7845","page","type-page","status-publish","hentry"],"acf":[],"_links":{"self":[{"href":"https:\/\/architectslibrary.eu\/cs\/wp-json\/wp\/v2\/pages\/7845","targetHints":{"allow":["GET"]}}],"collection":[{"href":"https:\/\/architectslibrary.eu\/cs\/wp-json\/wp\/v2\/pages"}],"about":[{"href":"https:\/\/architectslibrary.eu\/cs\/wp-json\/wp\/v2\/types\/page"}],"author":[{"embeddable":true,"href":"https:\/\/architectslibrary.eu\/cs\/wp-json\/wp\/v2\/users\/1"}],"replies":[{"embeddable":true,"href":"https:\/\/architectslibrary.eu\/cs\/wp-json\/wp\/v2\/comments?post=7845"}],"version-history":[{"count":0,"href":"https:\/\/architectslibrary.eu\/cs\/wp-json\/wp\/v2\/pages\/7845\/revisions"}],"wp:attachment":[{"href":"https:\/\/architectslibrary.eu\/cs\/wp-json\/wp\/v2\/media?parent=7845"}],"curies":[{"name":"wp","href":"https:\/\/api.w.org\/{rel}","templated":true}]}}