{"id":7855,"date":"2016-05-04T08:16:20","date_gmt":"2016-05-04T07:16:20","guid":{"rendered":"https:\/\/icynene.silver-solutions.com.ua\/mekka-pena-icynene-2\/"},"modified":"2016-05-04T08:16:20","modified_gmt":"2016-05-04T07:16:20","slug":"mekka-pena-icynene","status":"publish","type":"page","link":"https:\/\/architectslibrary.eu\/cs\/mekka-pena-icynene\/","title":{"rendered":"Soft foam Icynene"},"content":{"rendered":"<div class=\"pdfprnt-top-right\"><a href=\"https:\/\/architectslibrary.eu\/cs\/mekka-pena-icynene\/?print=pdf\" target=\"_blank\"><img decoding=\"async\" src=\"https:\/\/architectslibrary.eu\/wp-content\/plugins\/pdf-print\/images\/pdf.png\" alt=\"image_pdf\" title=\"View PDF\" \/><\/a><\/div><div class=\"fusion-text fusion-text-1\"><\/p>\n<h1 style=\"text-align: center; color: #005ca7; font-size: 44px; margin-bottom: 30px;\">M\u011bkk\u00e1 p\u011bna ICYNENE<\/h1>\n<h2>Akustika<\/h2>\n<hr \/>\n<p><i class=\"fa fa-file-pdf-o\"><\/i><a href=\"https:\/\/architectslibrary.eu\/wp-content\/uploads\/2016\/05\/M\u011b\u0159en\u00ed-laboratorn\u00ed-vzduchov\u00e9-nepr\u016fzvu\u010dnosti-obvodov\u00e9ho-pl\u00e1\u0161t\u011b.pdf\" rel=\"\">M\u011b\u0159en\u00ed laboratorn\u00ed vzduchov\u00e9 nepr\u016fzvu\u010dnosti obvodov\u00e9ho pl\u00e1\u0161t\u011b<\/a><\/p>\n<p><i class=\"fa fa-file-pdf-o\"><\/i><a href=\"https:\/\/architectslibrary.eu\/wp-content\/uploads\/2016\/05\/M\u011b\u0159en\u00ed-laboratorn\u00ed-vzduchov\u00e9-nepr\u016fzvu\u010dnosti-obvodov\u00fdch-st\u011bn.pdf\" rel=\"\">M\u011b\u0159en\u00ed laboratorn\u00ed vzduchov\u00e9 nepr\u016fzvu\u010dnosti obvodov\u00fdch st\u011bn<\/a><\/p>\n<p><i class=\"fa fa-file-pdf-o\"><\/i><a href=\"https:\/\/architectslibrary.eu\/wp-content\/uploads\/2016\/05\/M\u011b\u0159en\u00ed-laboratorn\u00ed-vzduchov\u00e9-nepr\u016fzvu\u010dnosti-p\u0159\u00ed\u010dek.pdf\" rel=\"\">M\u011b\u0159en\u00ed laboratorn\u00ed vzduchov\u00e9 nepr\u016fzvu\u010dnosti p\u0159\u00ed\u010dek<\/a><\/p>\n<h2>CE<\/h2>\n<hr \/>\n<p><i class=\"fa fa-file-pdf-o\"><\/i><a href=\"https:\/\/architectslibrary.eu\/wp-content\/uploads\/2016\/05\/CE-Icynene-LD-C-50.pdf\" rel=\"\">CE-Icynene LD-C-50<\/a><\/p>\n<h2>Hygiena<\/h2>\n<hr \/>\n<p><i class=\"fa fa-file-pdf-o\"><\/i><a href=\"https:\/\/architectslibrary.eu\/wp-content\/uploads\/2016\/05\/Certifik\u00e1t-protokol.pdf\" rel=\"\">Certifik\u00e1t &#8211; protokol<\/a><\/p>\n<p><i class=\"fa fa-file-pdf-o\"><\/i><a href=\"https:\/\/architectslibrary.eu\/wp-content\/uploads\/2016\/05\/Certifik\u00e1t.pdf\" rel=\"\">Certifik\u00e1t<\/a><\/p>\n<h2>M\u011b\u0159en\u00ed nas\u00e1kavosti<\/h2>\n<hr \/>\n<p><i class=\"fa fa-file-pdf-o\"><\/i><a href=\"https:\/\/architectslibrary.eu\/wp-content\/uploads\/2016\/05\/Nas\u00e1kavost-Zpr\u00e1va-o-zkou\u0161ce.pdf\" rel=\"\">Nas\u00e1kavost &#8211; Zpr\u00e1va o zkou\u0161ce<\/a><\/p>\n<h2>Po\u017e\u00e1rn\u00ed certifikace<\/h2>\n<hr \/>\n<p><i class=\"fa fa-file-pdf-o\"><\/i><a href=\"https:\/\/architectslibrary.eu\/wp-content\/uploads\/2016\/05\/Klasifikace-na-reakci-na-ohe\u0148-C.pdf\" rel=\"\">Klasifikace na reakci na ohe\u0148 C<\/a><\/p>\n<p><i class=\"fa fa-file-pdf-o\"><\/i><a href=\"https:\/\/architectslibrary.eu\/wp-content\/uploads\/2016\/05\/Klasifikace-na-reakci-na-ohe\u0148-E.pdf\" rel=\"\">Klasifikace na reakci na ohe\u0148 E<\/a><\/p>\n<p><i class=\"fa fa-file-pdf-o\"><\/i><a href=\"https:\/\/architectslibrary.eu\/wp-content\/uploads\/2016\/05\/Nenosn\u00e1-obvodov\u00e1-st\u011bna.pdf\" rel=\"\">Nenosn\u00e1 obvodov\u00e1 st\u011bna<\/a><\/p>\n<p><i class=\"fa fa-file-pdf-o\"><\/i><a href=\"https:\/\/architectslibrary.eu\/wp-content\/uploads\/2016\/05\/St\u011bna-s-d\u0159ev\u011bnou-nosnou-konstrukc\u00ed.pdf\" rel=\"\">St\u011bna s d\u0159ev\u011bnou nosnou konstrukc\u00ed<\/a><\/p>\n<p><i class=\"fa fa-file-pdf-o\"><\/i><a href=\"https:\/\/architectslibrary.eu\/wp-content\/uploads\/2016\/05\/Stropn\u00ed-d\u0159ev\u011bn\u00e1-nosn\u00e1-kce.-chr\u00e1n\u011bn\u00e1-deskami-GKF-Knauf.pdf\" rel=\"\">Stropn\u00ed d\u0159ev\u011bn\u00e1 nosn\u00e1 kce. chr\u00e1n\u011bn\u00e1 deskami GKF Knauf<\/a><\/p>\n<h2>Prohl\u00e1\u0161en\u00ed o vlastnostech<\/h2>\n<hr \/>\n<p><i class=\"fa fa-file-pdf-o\"><\/i><a href=\"https:\/\/architectslibrary.eu\/wp-content\/uploads\/2016\/05\/Prohl\u00e1\u0161en\u00ed-o-vlastnostech-ICYNENE.pdf\" rel=\"\">Prohl\u00e1\u0161en\u00ed o vlastnostech ICYNENE<\/a><\/p>\n<h2>Pr\u016fvzdu\u0161nost<\/h2>\n<hr \/>\n<p><i class=\"fa fa-file-pdf-o\"><\/i><a href=\"https:\/\/architectslibrary.eu\/wp-content\/uploads\/2016\/05\/Stanoven\u00ed-pr\u016fvzdu\u0161nosti-protokol-o-zkou\u0161ce.pdf\" rel=\"\">Stanoven\u00ed pr\u016fvzdu\u0161nosti &#8211; protokol o zkou\u0161ce<\/a><\/p>\n<h2>Stanoven\u00ed prostupu vodn\u00edch par<\/h2>\n<hr \/>\n<p><i class=\"fa fa-file-pdf-o\"><\/i><a href=\"https:\/\/architectslibrary.eu\/wp-content\/uploads\/2016\/05\/Stanoven\u00ed-prostupu-vodn\u00edch-par-W\u00fcrth-ICYNENE-protokol-o-zkou\u0161ce.pdf\" rel=\"\">Stanoven\u00ed prostupu vodn\u00edch par W\u00fcrth + ICYNENE &#8211; protokol o zkou\u0161ce<\/a><\/p>\n<p>\n<\/div>\n","protected":false},"excerpt":{"rendered":"","protected":false},"author":1,"featured_media":0,"parent":0,"menu_order":0,"comment_status":"closed","ping_status":"closed","template":"","meta":{"_acf_changed":false,"footnotes":""},"class_list":["post-7855","page","type-page","status-publish","hentry"],"acf":[],"_links":{"self":[{"href":"https:\/\/architectslibrary.eu\/cs\/wp-json\/wp\/v2\/pages\/7855","targetHints":{"allow":["GET"]}}],"collection":[{"href":"https:\/\/architectslibrary.eu\/cs\/wp-json\/wp\/v2\/pages"}],"about":[{"href":"https:\/\/architectslibrary.eu\/cs\/wp-json\/wp\/v2\/types\/page"}],"author":[{"embeddable":true,"href":"https:\/\/architectslibrary.eu\/cs\/wp-json\/wp\/v2\/users\/1"}],"replies":[{"embeddable":true,"href":"https:\/\/architectslibrary.eu\/cs\/wp-json\/wp\/v2\/comments?post=7855"}],"version-history":[{"count":0,"href":"https:\/\/architectslibrary.eu\/cs\/wp-json\/wp\/v2\/pages\/7855\/revisions"}],"wp:attachment":[{"href":"https:\/\/architectslibrary.eu\/cs\/wp-json\/wp\/v2\/media?parent=7855"}],"curies":[{"name":"wp","href":"https:\/\/api.w.org\/{rel}","templated":true}]}}