{"id":7848,"date":"2016-05-04T08:16:53","date_gmt":"2016-05-04T07:16:53","guid":{"rendered":"https:\/\/icynene.silver-solutions.com.ua\/polotvrda-pena-smartisol-200-2\/"},"modified":"2016-05-04T08:16:53","modified_gmt":"2016-05-04T07:16:53","slug":"polotvrda-pena-smartisol-200","status":"publish","type":"page","link":"https:\/\/architectslibrary.eu\/fr\/polotvrda-pena-smartisol-200\/","title":{"rendered":"Semisolid Pena Smartisol 200"},"content":{"rendered":"<div class=\"pdfprnt-top-right\"><a href=\"https:\/\/architectslibrary.eu\/fr\/polotvrda-pena-smartisol-200\/?print=pdf\" target=\"_blank\"><img decoding=\"async\" src=\"https:\/\/architectslibrary.eu\/wp-content\/plugins\/pdf-print\/images\/pdf.png\" alt=\"image_pdf\" title=\"View PDF\" \/><\/a><\/div><div class=\"fusion-text fusion-text-1\"><\/p>\n<h1 style=\"text-align: center; color: #005ca7; font-size: 44px; margin-bottom: 30px;\">Polotvrd\u00e1 p\u011bna SMARTISOL 200<\/h1>\n<h2>CE<\/h2>\n<hr \/>\n<p><i class=\"fa fa-file-pdf-o\"><\/i><a href=\"https:\/\/architectslibrary.eu\/wp-content\/uploads\/2016\/05\/CE-Smartizol-S200.pdf\" rel=\"\">CE &#8211; Smartizol S200<\/a><\/p>\n<h2>Hygiena<\/h2>\n<hr \/>\n<p><i class=\"fa fa-file-pdf-o\"><\/i><a href=\"https:\/\/architectslibrary.eu\/wp-content\/uploads\/2016\/05\/Certifik\u00e1t-protokol-1.pdf\" rel=\"\">Certifik\u00e1t &#8211; protokol<\/a><\/p>\n<p><i class=\"fa fa-file-pdf-o\"><\/i><a href=\"https:\/\/architectslibrary.eu\/wp-content\/uploads\/2016\/05\/Certifik\u00e1t-1.pdf\" rel=\"\">Certifik\u00e1t<\/a><\/p>\n<h2>Prohl\u00e1\u0161en\u00ed o vlastnostech<\/h2>\n<hr \/>\n<p><i class=\"fa fa-file-pdf-o\"><\/i><a href=\"https:\/\/architectslibrary.eu\/wp-content\/uploads\/2016\/05\/Prohl\u00e1\u0161en\u00ed-o-vlastnostech-Smartisol-200.pdf\" rel=\"\">Prohl\u00e1\u0161en\u00ed o vlastnostech Smartisol 200<\/a><\/p>\n<h2>Propustnost vodn\u00edch par<\/h2>\n<hr \/>\n<p><i class=\"fa fa-file-pdf-o\"><\/i><a href=\"https:\/\/architectslibrary.eu\/wp-content\/uploads\/2016\/05\/Prostup-vodn\u00edch-par-zpr\u00e1va-o-zkou\u0161ce.pdf\" rel=\"\">Prostup vodn\u00edch par &#8211; zpr\u00e1va o zkou\u0161ce<\/a><\/p>\n<h2>Technick\u00e9 vlastnosti<\/h2>\n<hr \/>\n<p><i class=\"fa fa-file-pdf-o\"><\/i><a href=\"https:\/\/architectslibrary.eu\/wp-content\/uploads\/2016\/05\/Technick\u00e9-vlastnosti-protokol-o-posouzen\u00ed-vlastnost\u00ed-v\u00fdrobku-1.pdf\" rel=\"\">Technick\u00e9 vlastnosti &#8211; protokol o posouzen\u00ed vlastnost\u00ed v\u00fdrobku 1<\/a><\/p>\n<p><i class=\"fa fa-file-pdf-o\"><\/i><a href=\"https:\/\/architectslibrary.eu\/wp-content\/uploads\/2016\/05\/Technick\u00e9-vlastnosti-protokol-o-posouzen\u00ed-vlastnost\u00ed-v\u00fdrobku-2.pdf\" rel=\"\">Technick\u00e9 vlastnosti &#8211; protokol o posouzen\u00ed vlastnost\u00ed v\u00fdrobku 2<\/a><\/p>\n<\/div>\n","protected":false},"excerpt":{"rendered":"","protected":false},"author":1,"featured_media":0,"parent":0,"menu_order":0,"comment_status":"closed","ping_status":"closed","template":"","meta":{"_acf_changed":false,"footnotes":""},"class_list":["post-7848","page","type-page","status-publish","hentry"],"acf":[],"_links":{"self":[{"href":"https:\/\/architectslibrary.eu\/fr\/wp-json\/wp\/v2\/pages\/7848","targetHints":{"allow":["GET"]}}],"collection":[{"href":"https:\/\/architectslibrary.eu\/fr\/wp-json\/wp\/v2\/pages"}],"about":[{"href":"https:\/\/architectslibrary.eu\/fr\/wp-json\/wp\/v2\/types\/page"}],"author":[{"embeddable":true,"href":"https:\/\/architectslibrary.eu\/fr\/wp-json\/wp\/v2\/users\/1"}],"replies":[{"embeddable":true,"href":"https:\/\/architectslibrary.eu\/fr\/wp-json\/wp\/v2\/comments?post=7848"}],"version-history":[{"count":0,"href":"https:\/\/architectslibrary.eu\/fr\/wp-json\/wp\/v2\/pages\/7848\/revisions"}],"wp:attachment":[{"href":"https:\/\/architectslibrary.eu\/fr\/wp-json\/wp\/v2\/media?parent=7848"}],"curies":[{"name":"wp","href":"https:\/\/api.w.org\/{rel}","templated":true}]}}